{"id":979,"date":"2014-09-26T16:20:26","date_gmt":"2014-09-26T14:20:26","guid":{"rendered":"http:\/\/www.drr.uw.edu.pl\/wordpress\/?page_id=979"},"modified":"2019-02-02T14:20:03","modified_gmt":"2019-02-02T13:20:03","slug":"abstract-poster","status":"publish","type":"page","link":"http:\/\/drr.uw.edu.pl\/en\/abstract-poster\/","title":{"rendered":"Abstract \/ Poster Competition!"},"content":{"rendered":"<p style=\"text-align: center\">\n<p style=\"text-align: center\">\n<p style=\"text-align: center\">\n<p style=\"text-align: center\">\n<p style=\"text-align: center\">***<\/p>\n<p style=\"text-align: center\"><strong>Thank you all for attending the 2nd edition of Disaster Risk Reduction Conference in Warsaw, 2015 (DRR 2015). The DRR 2015 became a true success thanks to the support of our speakers, attendees, and poster designers!<\/strong><\/p>\n<p>&nbsp;<\/p>\n<p>The Poster Committee was represented by:<\/p>\n<p>1. Dr. Adam. C. Bouloukos, UNISDR,<\/p>\n<p>2. Professor Stanis\u0142aw Lewi\u0144ski, Space Research Centre, PAS<\/p>\n<p>3. Professor Ma\u0142gorzata Gutry-Korycka, University of Warsaw<\/p>\n<p>Evaluation criteria:<\/p>\n<p>a. Quality of the information transfer;<\/p>\n<p>b. The scientific value;<\/p>\n<p>c. Attractiveness and actually of presented topic.<\/p>\n<p>&nbsp;<\/p>\n<p style=\"text-align: center\"><strong>Ex-aequo best award goes to three posters: (Numbers 4, 10, 17)<\/strong><\/p>\n<p>&nbsp;<\/p>\n<p style=\"text-align: center\"><strong>Marek Jask\u00f3lski, \u0141ukasz Paw\u0142owski<\/strong> (Poster number 4)<\/p>\n<p>University of Wroc\u0142aw, Institute of Geography and Regional Planning, Department of Geo- morphology<\/p>\n<p><em>Arctic town at risk \u2013 evaluation of potential geohazards associated with climatechange and human impact in Longyearbyen, Svalbard\u00a0<\/em><\/p>\n<p><em>\u00a0<\/em><\/p>\n<p style=\"text-align: center\"><strong>Pawe\u0142 Miku\u015b \/1, Bart\u0142omiej Wy\u017cga \/1, Artur Radecki-Pawlik \/2, <\/strong><\/p>\n<p style=\"text-align: center\"><strong>Joanna Zawiejska \/3, Antoni Amirowicz \/1, Pawe\u0142 Ogl\u0119cki \/4\u00a0<\/strong>(Poster number 10)<\/p>\n<p>1\/ Institute of Nature Conservation, Polish Academy of Sciences, Krak\u00f3w<\/p>\n<p>2\/ Department of Hydraulic Engineering and Geotechnique, University of Agriculture, Krak\u00f3w<\/p>\n<p>3\/ Institute of Geography, Pedagogical University, Krak\u00f3w<\/p>\n<p>4\/ Department of Environmental Engineering, Warsaw University of Life Sciences, Warszawa<\/p>\n<p>Institute of Nature Conservation, Polish Academy of Sciences, Cracow<\/p>\n<p><em>Low-impact method of flood damage prevention in a dynamic mountain river \u2013 case study from the Czarny Dunajec River\u00a0<\/em><\/p>\n<p>&nbsp;<\/p>\n<p style=\"text-align: center\"><strong>Maria W\u0105sowska\u00a0<\/strong>(Poster number 17)<\/p>\n<p>University of Warsaw, Faculty of Geography and Regional Studies, Department of World Regional Geography<\/p>\n<p><em>Volcanic hazards and Vanuatu population\u00a0<\/em><\/p>\n<p>&nbsp;<\/p>\n<p style=\"text-align: center\">Audience award for the best poster goes to:<\/p>\n<p style=\"text-align: center\"><strong>Katarzyna Grabowska and Joanna Pop\u0142awska<\/strong><\/p>\n<p>Faculty of Geography and Regional Studies, University of Warsaw, Warsaw<\/p>\n<p><em>Synoptic conditions during the occurrence of longest thunderstorms in Central and Southern Europe<\/em><\/p>\n<p>&nbsp;<\/p>\n<p style=\"text-align: center\"><strong>We hope to see you at the next edition of the DRR Conference in Warsaw!<\/strong><\/p>\n<p style=\"text-align: center\">***<\/p>\n<p>&nbsp;<\/p>\n<p>&nbsp;<\/p>\n<p><strong style=\"color: #303030\">Deadline for abstract submission for posters was been extended: August 31, 2015<\/strong><\/p>\n<p>&nbsp;<\/p>\n<p>The template for the abstract can be downloaded <a href=\"http:\/\/drr.uw.edu.pl\/wp-content\/uploads\/sites\/359\/2014\/12\/Template-abstract-BW-ang.docx\">here.<\/a>\u00a0Only abstracts written in english will be reviewed.<\/p>\n<p>Poster size: A0 (841 x 1189 mm; 33.1 x 46.8\u00a0in)<\/p>\n<p>Presentation time: 15 minutes.","protected":false},"excerpt":{"rendered":"<p>*** Thank you all for attending the 2nd edition of Disaster Risk Reduction Conference in Warsaw, 2015 (DRR 2015). The DRR 2015 became a true success thanks to the support of our speakers, attendees, and poster designers! &nbsp; The Poster Committee was represented by: 1. Dr. Adam. C. Bouloukos, UNISDR, 2. Professor Stanis\u0142aw Lewi\u0144ski, Space [&hellip;]<\/p>\n","protected":false},"author":419,"featured_media":0,"parent":0,"menu_order":0,"comment_status":"closed","ping_status":"closed","template":"","meta":{"_links_to":"","_links_to_target":""},"acf":[],"_links":{"self":[{"href":"http:\/\/drr.uw.edu.pl\/en\/wp-json\/wp\/v2\/pages\/979"}],"collection":[{"href":"http:\/\/drr.uw.edu.pl\/en\/wp-json\/wp\/v2\/pages"}],"about":[{"href":"http:\/\/drr.uw.edu.pl\/en\/wp-json\/wp\/v2\/types\/page"}],"author":[{"embeddable":true,"href":"http:\/\/drr.uw.edu.pl\/en\/wp-json\/wp\/v2\/users\/419"}],"replies":[{"embeddable":true,"href":"http:\/\/drr.uw.edu.pl\/en\/wp-json\/wp\/v2\/comments?post=979"}],"version-history":[{"count":1,"href":"http:\/\/drr.uw.edu.pl\/en\/wp-json\/wp\/v2\/pages\/979\/revisions"}],"predecessor-version":[{"id":6374,"href":"http:\/\/drr.uw.edu.pl\/en\/wp-json\/wp\/v2\/pages\/979\/revisions\/6374"}],"wp:attachment":[{"href":"http:\/\/drr.uw.edu.pl\/en\/wp-json\/wp\/v2\/media?parent=979"}],"curies":[{"name":"wp","href":"https:\/\/api.w.org\/{rel}","templated":true}]}}