{"id":79,"date":"2014-07-04T16:29:24","date_gmt":"2014-07-04T14:29:24","guid":{"rendered":"http:\/\/www.drr.uw.edu.pl\/wordpress\/?page_id=79"},"modified":"2014-07-04T16:29:24","modified_gmt":"2014-07-04T14:29:24","slug":"program","status":"publish","type":"page","link":"http:\/\/drr.uw.edu.pl\/en\/ii-konferencja\/program\/","title":{"rendered":"Program konferencji"},"content":{"rendered":"<p>Serdecznie zapraszamy do zapoznania si\u0119 z \u00a0programem II Mi\u0119dzynarodowej Konferencji\u00a0DISASTER RISK REDUCTION 2015.<\/p>\n<p>Program Konferencji\u00a0<a href=\"http:\/\/drr.uw.edu.pl\/wp-content\/uploads\/sites\/359\/2015\/10\/FINAL-Programme-DRR-2015-Warsaw3.pdf\">FINAL Programme DRR 2015 Warsaw<\/a><\/p>\n<p>Program Sesji Posterowej \u00a0<a href=\"http:\/\/drr.uw.edu.pl\/wp-content\/uploads\/sites\/359\/2015\/10\/FINAL-Poster-Exhibit-Hall-DRR-2015-Warsaw.pdf\">FINAL Poster Exhibit Hall DRR 2015 Warsaw<\/a><\/p>\n<p>(Aktualizacja: 6.10.2015 r.)<\/p>\n<p>&nbsp;<\/p>\n<p><strong>Szanowni Uczestnicy Konferencji DRR 2015,<\/strong><\/p>\n<p>Dzi\u0119kujemy za zainteresowanie II Mi\u0119dzynarodow\u0105 Konferencj\u0105 Disaster Risk Reduction 2015!<\/p>\n<p>Ostateczna wersja programu b\u0119dzie dost\u0119pna na pocz\u0105tku pa\u017adziernika i b\u0119d\u0105 Pa\u0144stwo poinformowani o tym poczt\u0105 elektroniczn\u0105 (e-mail). Od obecnej chwili s\u0105 mo\u017cliwe jedynie niewielkie zmiany w programie.<\/p>\n<p>Drukowana wersja programu b\u0119dzie za\u0142\u0105czona w materia\u0142ach konferencyjnych. Sam program zawiera\u0107 b\u0119dzie nazwiska Uczestnik\u00f3w referuj\u0105cych (przynajmniej jednego Autora lub Wsp\u00f3\u0142autora, kt\u00f3ry ui\u015bci\u0142 op\u0142at\u0119 konferencyjn\u0105) (http: \/\/www.drr.uw .edu.pl \/ wordpress \/? page_id = 435)<\/p>\n<p>Lista wszystkich Uczestnik\u00f3w DRR 2015, wraz z nades\u0142an\u0105 afiliacj\u0105, zostanie za\u0142\u0105czona do materia\u0142\u00f3w konferencyjnych.<\/p>\n<p>&nbsp;<\/p>\n<p><strong>Rejestracja <\/strong>b\u0119dzie uruchomiona w czwartek, 15 pa\u017adziernika o godz. 8:00 i otwarta do godz. 12:00.<\/p>\n<p>Wszyscy Referuj\u0105cy s\u0105 uprzejmie proszeni o przekazanie prezentacji Power Point i \/ lub posteru podczas rejestracji przed rozpocz\u0119ciem konferencji.<\/p>\n<p>Osoby zainteresowane mog\u0105 przes\u0142a\u0107 swoj\u0105 prezentacj\u0119 na adres <a href=\"mailto:rrkz@uw.edu.pl\">rrkz@uw.edu.pl<\/a> przed konferencj\u0105 (odebranie prezentacji zostanie potwierdzone przez e-mail).<\/p>\n<p>&nbsp;<\/p>\n<p><strong>Serdecznie zapraszamy wszystkich Uczestnik\u00f3w do g\u0142osowania w ankiecie na najlepsze postery.<\/strong> G\u0142\u00f3wna ekspozycja poster\u00f3w b\u0119dzie mia\u0142a miejsce podczas pierwszego dnia konferencji (czwartek). Rozdanie nagr\u00f3d odb\u0119dzie si\u0119 drugiego dnia\u00a0konferencji (pi\u0105tek).<\/p>\n<p>&nbsp;<\/p>\n<p><strong>WA\u017bNE INFORMACJE<\/strong><\/p>\n<p>PREZENTACJA \/REFERAT:<\/p>\n<p>J\u0119zyk slajd\u00f3w: angielski (lub polski z angielskimi elementami)<\/p>\n<p>B\u0119d\u0105 przyjmowane prezentacje wykonane w Power Point (lub jpg.), pdf.,<\/p>\n<p>MP4 (16: 9), \u00a0HD (1080p).<\/p>\n<p>J\u0119zyk wyg\u0142oszenia referatu: angielski lub polski (t\u0142umaczenie symultaniczne b\u0119dzie dost\u0119pne dla wszystkich Referuj\u0105cych)<\/p>\n<p>Czas: wyg\u0142oszenie prezentacji nie powinno przekroczy\u0107 15 minut<\/p>\n<p>&nbsp;<\/p>\n<p>POSTER<\/p>\n<p>Uprzejmie prosimy o przekazanie swojego posteru poczas rejestracji pierwszego dnia konferencji (8:00 &#8211; 09:00; koniecznie przed godz. 12). Sesja posterowa zaplanowana jest na pierwszy dzie\u0144 konferencji (czwartek), 15 pa\u017adziernika w godz. 12: 00-12: 30. Autor\u00f3w poster\u00f3w prosimy o obecno\u015b\u0107 przy swoich plakatach oraz rozmow\u0119 na ich temat z zainteresowanymi Uczestnikami konferencji.<\/p>\n<p>Plakaty naukowe b\u0119d\u0105 montowane przez naszych Wolontariuszy w godz. 8-11:45. Po zako\u0144czeniu konferencji prosimy o odebranie swoich prac w rejestracji.<\/p>\n<p>&nbsp;<\/p>\n<p><strong>PO\u017bYTECZNE INFORMACJE<\/strong><\/p>\n<p>Miejsce konferencji: Stadion Narodowy w Warszawie (Stadion Narodowy)<\/p>\n<p>Sala konferencyjna &#8220;Londyn&#8221;: Poziom 2 (winda).<\/p>\n<p>http:\/\/www.warsawtour.pl\/en\/tourist-attractions\/national-stadium-stadion-narodowy-164385.html<\/p>\n<p>&nbsp;<\/p>\n<p><strong>JAK DOJECHA\u0106<\/strong><\/p>\n<p>Przyjazd taks\u00f3wk\u0105: wej\u015bcie od ulicy Zielenieckiej (brama 1).<\/p>\n<p>Przyjazd tramwajem lub autobusem: wej\u015bcie od Ronda Waszyngtona (brama 2)<\/p>\n<p><a href=\"http:\/\/www.pgenarodowy.pl\/kontakt\/dojazd\">http:\/\/www.pgenarodowy.pl\/kontakt\/dojazd<\/a><\/p>\n<p>Jest mo\u017cliwo\u015b\u0107 skorzystania z parkingu dla samochod\u00f3w &#8211; prosimy o wcze\u015bniejszy kontakt z nami (wjazd: brama 6).<\/p>\n<p>Metro: Stacja Stadion Narodowy (brama 1, nale\u017cy si\u0119 liczy\u0107 z nieco d\u0142u\u017cszym doj\u015bciem)<\/p>\n<p>Mapa doj\u015bcia do Wej\u015b\u0107 Stadionu Narodowego<\/p>\n<p><a href=\"http:\/\/drr.uw.edu.pl\/wp-content\/uploads\/sites\/359\/2015\/09\/Mapa-Stadion-Narodowy.jpg\"><img loading=\"lazy\" class=\"alignnone size-medium wp-image-2645\" src=\"http:\/\/drr.uw.edu.pl\/wp-content\/uploads\/sites\/359\/2015\/09\/Mapa-Stadion-Narodowy-300x212.jpg\" alt=\"Mapa Stadion Narodowy\" width=\"300\" height=\"212\" srcset=\"http:\/\/drr.uw.edu.pl\/wp-content\/uploads\/sites\/359\/2015\/09\/Mapa-Stadion-Narodowy-300x212.jpg 300w, http:\/\/drr.uw.edu.pl\/wp-content\/uploads\/sites\/359\/2015\/09\/Mapa-Stadion-Narodowy-768x543.jpg 768w, http:\/\/drr.uw.edu.pl\/wp-content\/uploads\/sites\/359\/2015\/09\/Mapa-Stadion-Narodowy-1024x724.jpg 1024w, http:\/\/drr.uw.edu.pl\/wp-content\/uploads\/sites\/359\/2015\/09\/Mapa-Stadion-Narodowy.jpg 1753w\" sizes=\"(max-width: 300px) 100vw, 300px\" \/><\/a><\/p>\n<p>Plan pi\u0119tra\u00a0<a href=\"http:\/\/www.pgenarodowy.pl\/upload\/editor\/file\/Centrum%20Konferencyjne%20plan%20ogolny.pdf\">http:\/\/www.pgenarodowy.pl\/upload\/editor\/file\/Centrum%20Konferencyjne%20plan%20ogolny.pdf<\/a><\/p>\n<p><strong>Z niecierpliwo\u015bci\u0105 oczekujemy Pa\u0144stwa przyjazdu oraz udzia\u0142u w Konferencji DRR 2015!<\/strong><\/p>\n<p>&nbsp;<\/p>\n<p>&nbsp;<\/p>\n<p>&amp;&amp;&amp;<\/p>\n<p><strong>Konferencja obejmowa\u0107 b\u0119dzie nast\u0119puj\u0105ce zagadnienia:<\/strong><br \/>\nZjawiska ekstremalne w zmieniaj\u0105cym si\u0119 \u015brodowisku.<\/p>\n<p>Zarz\u0105dzanie ryzykiem kl\u0119sk \u017cywio\u0142owych.<\/p>\n<p>Spo\u0142eczno-ekonomiczne aspekty kl\u0119sk \u017cywio\u0142owych.<\/p>\n<p>Minimalizacja skutk\u00f3w kl\u0119sk \u017cywio\u0142owych w rozwi\u0105zaniach lokalnych<br \/>\ni regionalnych.<\/p>\n<p>Rola pa\u0144stwa i odpowiedzialno\u015b\u0107 obywatela.<\/p>\n<p>&nbsp;<\/p>\n<p><strong>ZAAKCEPTOWANE WYST\u0104PIENIA I PREZENTACJE<\/strong><\/p>\n<p>do udzia\u0142u w Disaster Risk Reduction Conference<\/p>\n<p>&nbsp;<\/p>\n<p>Z przyjemno\u015bci\u0105 pragniemy poinformowa\u0107, \u017ce przewidujemy trwanie konferencji w dniach 15-16 pa\u017adziernika 2015 r. w godzinach 9:00 &#8211; 18:00.\u00a0Rejestracja rozpocznie si\u0119 w czwartek (15.10.) o godz. 8:00.<\/p>\n<p>&nbsp;<\/p>\n","protected":false},"excerpt":{"rendered":"<p>Serdecznie zapraszamy do zapoznania si\u0119 z \u00a0programem II Mi\u0119dzynarodowej Konferencji\u00a0DISASTER RISK REDUCTION 2015. Program Konferencji\u00a0FINAL Programme DRR 2015 Warsaw Program Sesji Posterowej \u00a0FINAL Poster Exhibit Hall DRR 2015 Warsaw (Aktualizacja: 6.10.2015 r.) &nbsp; Szanowni Uczestnicy Konferencji DRR 2015, Dzi\u0119kujemy za zainteresowanie II Mi\u0119dzynarodow\u0105 Konferencj\u0105 Disaster Risk Reduction 2015! Ostateczna wersja programu b\u0119dzie dost\u0119pna na pocz\u0105tku [&hellip;]<\/p>\n","protected":false},"author":419,"featured_media":0,"parent":41,"menu_order":0,"comment_status":"closed","ping_status":"closed","template":"","meta":{"_links_to":"","_links_to_target":""},"acf":[],"_links":{"self":[{"href":"http:\/\/drr.uw.edu.pl\/en\/wp-json\/wp\/v2\/pages\/79"}],"collection":[{"href":"http:\/\/drr.uw.edu.pl\/en\/wp-json\/wp\/v2\/pages"}],"about":[{"href":"http:\/\/drr.uw.edu.pl\/en\/wp-json\/wp\/v2\/types\/page"}],"author":[{"embeddable":true,"href":"http:\/\/drr.uw.edu.pl\/en\/wp-json\/wp\/v2\/users\/419"}],"replies":[{"embeddable":true,"href":"http:\/\/drr.uw.edu.pl\/en\/wp-json\/wp\/v2\/comments?post=79"}],"version-history":[{"count":0,"href":"http:\/\/drr.uw.edu.pl\/en\/wp-json\/wp\/v2\/pages\/79\/revisions"}],"up":[{"embeddable":true,"href":"http:\/\/drr.uw.edu.pl\/en\/wp-json\/wp\/v2\/pages\/41"}],"wp:attachment":[{"href":"http:\/\/drr.uw.edu.pl\/en\/wp-json\/wp\/v2\/media?parent=79"}],"curies":[{"name":"wp","href":"https:\/\/api.w.org\/{rel}","templated":true}]}}