{"id":4455,"date":"2016-10-31T17:33:49","date_gmt":"2016-10-31T16:33:49","guid":{"rendered":"http:\/\/www.drr.uw.edu.pl\/wordpress\/?page_id=4455"},"modified":"2016-10-31T17:33:49","modified_gmt":"2016-10-31T16:33:49","slug":"abstrakty","status":"publish","type":"page","link":"http:\/\/drr.uw.edu.pl\/en\/abstrakty\/","title":{"rendered":"Abstrakty \/Konkurs poster\u00f3w!"},"content":{"rendered":"<p style=\"text-align: center\"><strong>III Mi\u0119dzynarodowa Konferencja<\/strong><\/p>\n<p style=\"text-align: center\"><strong>Redukcja Ryzyka Kl\u0119sk \u017bywio\u0142owych<\/strong><\/p>\n<p>Z przyjemno\u015bci\u0105 informujemy, \u017ce Uczestnicy Konferencji oraz powo\u0142ana na czas DRR 2017 Mi\u0119dzynarodowa Komisja wybrali najciekawsze i najlepsze ich zdaniem postery, a Laureaci otrzymali nagrody i certyfikaty.<\/p>\n<p>&nbsp;<\/p>\n<p style=\"text-align: center\">Wyniki konkursu poster\u00f3w 2017<\/p>\n<p style=\"text-align: center\"><strong>Wyr\u00f3\u017cnieni i nagrodzeni autorzy poster\u00f3w wg oceny Uczestnik\u00f3w Konferencji<\/strong><\/p>\n<div>\n<div class=\"page\" title=\"Page 1\">\n<div class=\"layoutArea\">\n<ol>\n<li class=\"column\">\n<p style=\"text-align: center\"><strong>Paola FONTANELLA PISA<\/strong><\/p>\n<p style=\"text-align: center\">Brandenburg University of Technology of Cottbus, Germany<\/p>\n<p style=\"text-align: center\">Poster: <em>The role of memorialisation in disaster risk preparedness and post disaster recovery<\/em><\/p>\n<p style=\"text-align: center\"><strong>2. Katarzyna GRABOWSKA, Joanna POP\u0141AWSKA<\/strong><\/p>\n<\/li>\n<\/ol>\n<\/div>\n<\/div>\n<\/div>\n<div>\n<div class=\"page\" title=\"Page 1\">\n<div class=\"layoutArea\">\n<div class=\"column\">\n<p style=\"text-align: center\">Faculty of Geography and Regional Studies, University of Warsaw, Poland<\/p>\n<p style=\"text-align: center\">Poster: <em>Supercell tornadoes in Poland<\/em><\/p>\n<\/div>\n<\/div>\n<\/div>\n<\/div>\n<p style=\"text-align: center\">*<\/p>\n<p style=\"text-align: center\"><strong>Zesp\u00f3\u0142 Profesor\u00f3w Mi\u0119dzynarodowej Komisji powo\u0142anej podczas III Konferencji<\/strong><\/p>\n<p style=\"text-align: center\"><strong>Sharon D. Moran<\/strong><\/p>\n<p style=\"text-align: center\"><strong>Jorge Diaz<\/strong><\/p>\n<p style=\"text-align: center\"><strong>Jose Palma-Oliveira<\/strong><\/p>\n<p style=\"text-align: center\">Rezultat oceny Komisji:<\/p>\n<ol>\n<li style=\"text-align: center\"><strong>Mariusz PORCZEK<\/strong>\n<div class=\"page\" title=\"Page 26\">\n<div class=\"layoutArea\">\n<div class=\"column\">\n<p>Faculty of Geography and Regional Studies, University of Warsaw, Poland<\/p>\n<p>Poster: <em>Using raster and vector data to identify objects for flood risk reduction. \u00a0 \u00a0 \u00a0A case study: Raciborz<\/em><\/p>\n<div class=\"page\" title=\"Page 25\">\n<div class=\"layoutArea\">\n<div class=\"column\">\n<p><strong>2. Paola FONTANELLA PISA<\/strong><\/p>\n<p>Brandenburg University of Technology of Cottbus, Germany<\/p>\n<p>Poster: <em>The role of memorialisation in disaster risk preparedness and post disaster recovery<\/em><\/p>\n<\/div>\n<\/div>\n<p>&nbsp;<\/p>\n<p><strong>Serdecznie gratulujemy i zach\u0119camy do tej formy prezentacji \u00a0w 2019 roku!<\/strong><\/p>\n<\/div>\n<\/div>\n<p>&nbsp;<\/p>\n<\/div>\n<\/div>\n<\/li>\n<\/ol>\n<p style=\"text-align: center\">***<\/p>\n<p>TERMIN NADSY\u0141ANIA ABSTRAKT\u00d3W PREZENTACJI I POSTER\u00d3W<\/p>\n<p><strong>Wz\u00f3r abstraktu\u00a0<\/strong>(<a href=\"http:\/\/drr.uw.edu.pl\/wp-content\/uploads\/sites\/359\/2014\/12\/Template-abstract-BW-ang.docx\">Template abstract B&amp;W<\/a>). Abstrakt prosimy przygotowa\u0107 w j\u0119zyku angielskim. Nale\u017cy go przes\u0142a\u0107 wraz z zarejestrowaniem si\u0119.<\/p>\n<p>&nbsp;<\/p>\n<p><strong>KONKURS NA NAJLEPSZY POSTER NAUKOWY\u00a0<\/strong><strong>ORAZ NA NAJLEPSZY POSTER WED\u0141UG OCENY UCZESTNIK\u00d3W<\/strong><strong>\u00a0DRR 2017!<\/strong><\/p>\n<p>Autorzy otrzymaj\u0105 wyr\u00f3\u017cnienia i nagrody wg ustalonej procedury\u00a0 Organizator\u00f3w DRR, Warszawa 2017.<\/p>\n<p>&nbsp;<\/p>\n<p><strong>Uczestnicz\u0105cym studentom zostan\u0105 wystawione Certyfikaty Uczestnictwa w 3rd DRR Conference 2017.<\/strong><\/p>\n<p>&nbsp;<\/p>\n<p><strong>Informacje techniczne o posterze:\u00a0<\/strong><\/p>\n<p><strong>Wymagany j\u0119zyk posteru:<\/strong> angielski.<\/p>\n<p><strong>Wymiar posteru:<\/strong> A0 (841&#215;1189 mm), wydruk pionowy, papier matowy, optymalna gramatura\u00a0do 180 g\/m2.<\/p>\n<p>Autorzy drukuj\u0105 poster we w\u0142asnym zakresie i dostarczaj\u0105 go podczas rejestracji.<\/p>\n<p>Mocowanie b\u0119dzie dost\u0119pne na miejscu. Posterom zostanie przydzielony numer porz\u0105dkowy. Plakat b\u0119dzie wywieszony tylko podczas konferencji wg ustalonego porz\u0105dku. Czas ekspozycji b\u0119dzie zale\u017ca\u0142 od liczby poster\u00f3w. Tytu\u0142y wszystkich prezentowanych poster\u00f3w zostan\u0105 wydrukowane w programie konferencji oraz w Ksi\u0105\u017cce Abstrakt\u00f3w (materia\u0142y konferencyjne). Autorzy s\u0105 proszeni o zabranie swojego plakatu po ekspozycji.<\/p>\n<p>&nbsp;<\/p>\n<p><strong>Przyk\u0142adowe lokalne miejsca wydruku:<\/strong><\/p>\n<p><strong>SKARABEUSZ <\/strong>(czynne od poniedzia\u0142ku do pi\u0105tki 8:00 &#8211; 20:00 oraz w soboty-niedziele 8:00 &#8211; 16:00), tel.: (22) 625 15 13, Warszawa &#8211; Centrum , ul. Krakowskie Przedmie\u015bcie 30, <a href=\"mailto:skarabeusz@taniekserowanie.pl\" target=\"_self\">skarabeusz@taniekserowanie.pl<\/a>\u00a0, www.taniekserowanie.pl\/<\/p>\n<p><strong>DRUK24h<\/strong> (czynne 24h \u2013 7 dni w tygodniu), Infolinia: 801 150\u00a0577, tel. (22) 629 16 61, (22) 629 75 05, (22) 625 24 10,\u00a0 (22) 234 71 73, tel. kom. 608 607\u00a0173, Warszawa &#8211; Centrum, ul. Lwowska 12 (obok Wydzia\u0142u Architektury PW), e-mail: <a href=\"mailto:lwowska@druk24h.pl\">lwowska@druk24h.pl<\/a>, <a href=\"http:\/\/www.druk24h.pl\/\">www.druk24h.pl\/<\/a><\/p>\n<p><strong>TOPCAN 24<\/strong>, TOPCAN DRUKARNIA CYFROWA Sp. z o.o., (czynne 24h \u2013 7 dni w tygodniu), tel. (22)\u00a0622 50 73, Warszawa &#8211; Centrum, ul. \u015aniadeckich 20, e-mail: <a href=\"mailto:topcan@topcan.pl\">topcan@topcan.pl<\/a>, <a href=\"5317992\">GG 5317992<\/a>, <a href=\"http:\/\/www.topcan.pl\/\">www.topcan.pl\/<\/a><\/p>\n<p>&nbsp;<\/p>\n","protected":false},"excerpt":{"rendered":"<p>III Mi\u0119dzynarodowa Konferencja Redukcja Ryzyka Kl\u0119sk \u017bywio\u0142owych Z przyjemno\u015bci\u0105 informujemy, \u017ce Uczestnicy Konferencji oraz powo\u0142ana na czas DRR 2017 Mi\u0119dzynarodowa Komisja wybrali najciekawsze i najlepsze ich zdaniem postery, a Laureaci otrzymali nagrody i certyfikaty. &nbsp; Wyniki konkursu poster\u00f3w 2017 Wyr\u00f3\u017cnieni i nagrodzeni autorzy poster\u00f3w wg oceny Uczestnik\u00f3w Konferencji Paola FONTANELLA PISA Brandenburg University of Technology [&hellip;]<\/p>\n","protected":false},"author":419,"featured_media":0,"parent":0,"menu_order":0,"comment_status":"closed","ping_status":"closed","template":"","meta":{"_links_to":"","_links_to_target":""},"acf":[],"_links":{"self":[{"href":"http:\/\/drr.uw.edu.pl\/en\/wp-json\/wp\/v2\/pages\/4455"}],"collection":[{"href":"http:\/\/drr.uw.edu.pl\/en\/wp-json\/wp\/v2\/pages"}],"about":[{"href":"http:\/\/drr.uw.edu.pl\/en\/wp-json\/wp\/v2\/types\/page"}],"author":[{"embeddable":true,"href":"http:\/\/drr.uw.edu.pl\/en\/wp-json\/wp\/v2\/users\/419"}],"replies":[{"embeddable":true,"href":"http:\/\/drr.uw.edu.pl\/en\/wp-json\/wp\/v2\/comments?post=4455"}],"version-history":[{"count":0,"href":"http:\/\/drr.uw.edu.pl\/en\/wp-json\/wp\/v2\/pages\/4455\/revisions"}],"wp:attachment":[{"href":"http:\/\/drr.uw.edu.pl\/en\/wp-json\/wp\/v2\/media?parent=4455"}],"curies":[{"name":"wp","href":"https:\/\/api.w.org\/{rel}","templated":true}]}}