{"id":3797,"date":"2016-04-08T18:13:55","date_gmt":"2016-04-08T16:13:55","guid":{"rendered":"http:\/\/www.drr.uw.edu.pl\/wordpress\/?page_id=3797"},"modified":"2016-04-08T18:13:55","modified_gmt":"2016-04-08T16:13:55","slug":"terminy3","status":"publish","type":"page","link":"http:\/\/drr.uw.edu.pl\/en\/terminy3\/","title":{"rendered":"Terminy III Konferencji"},"content":{"rendered":"<p style=\"color: #303030\"><strong>Rejestracja jest ju\u017c aktywna.<\/strong><\/p>\n<p style=\"color: #303030\"><strong>Przed\u0142u\u017cony termin nadsy\u0142ania abstrakt\u00f3w <\/strong>referat\u00f3w i poster\u00f3w: <span style=\"color: #ff0000\"><del datetime=\"2017-06-14T09:31:46+00:00\">10 czerwca<\/del><\/span><strong>\u00a015 lipca\u00a0<\/strong>2017 r.<br \/>\n<strong>Informacja o akceptacji abstraktu:<\/strong> <span style=\"color: #ff0000\"><del datetime=\"2017-06-14T09:31:46+00:00\">10 czerwca<\/del><\/span>\u00a0po 15 lipca 2017 r.<br \/>\n<strong>Wczesna rejestracja i p\u0142atno\u015b\u0107 do dnia:<\/strong>\u00a0<span style=\"color: #ff0000\"><del datetime=\"2017-06-14T09:31:46+00:00\">10 czerwca 2017 r.<\/del><\/span> zamkni\u0119ta<br \/>\n<strong>P\u00f3\u017ana rejestracja i p\u0142atno\u015b\u0107 do dnia:<\/strong> 5 pa\u017adziernika 2017 r.<\/p>\n<p style=\"color: #303030\"><strong>Data III Konferencji:<\/strong> 12-13 pa\u017adziernika \u00a02017 r.<br \/>\n<strong><em>Abstract and Programme Book: 3<sup>rd<\/sup> Disaster Risk Reduction Conference 2017<\/em><\/strong>:\u00a012 pa\u017adziernika\u00a02017 r.<\/p>\n","protected":false},"excerpt":{"rendered":"<p>Rejestracja jest ju\u017c aktywna. Przed\u0142u\u017cony termin nadsy\u0142ania abstrakt\u00f3w referat\u00f3w i poster\u00f3w: 10 czerwca\u00a015 lipca\u00a02017 r. Informacja o akceptacji abstraktu: 10 czerwca\u00a0po 15 lipca 2017 r. Wczesna rejestracja i p\u0142atno\u015b\u0107 do dnia:\u00a010 czerwca 2017 r. zamkni\u0119ta P\u00f3\u017ana rejestracja i p\u0142atno\u015b\u0107 do dnia: 5 pa\u017adziernika 2017 r. Data III Konferencji: 12-13 pa\u017adziernika \u00a02017 r. Abstract and Programme [&hellip;]<\/p>\n","protected":false},"author":419,"featured_media":0,"parent":0,"menu_order":0,"comment_status":"closed","ping_status":"closed","template":"","meta":{"_links_to":"","_links_to_target":""},"acf":[],"_links":{"self":[{"href":"http:\/\/drr.uw.edu.pl\/en\/wp-json\/wp\/v2\/pages\/3797"}],"collection":[{"href":"http:\/\/drr.uw.edu.pl\/en\/wp-json\/wp\/v2\/pages"}],"about":[{"href":"http:\/\/drr.uw.edu.pl\/en\/wp-json\/wp\/v2\/types\/page"}],"author":[{"embeddable":true,"href":"http:\/\/drr.uw.edu.pl\/en\/wp-json\/wp\/v2\/users\/419"}],"replies":[{"embeddable":true,"href":"http:\/\/drr.uw.edu.pl\/en\/wp-json\/wp\/v2\/comments?post=3797"}],"version-history":[{"count":0,"href":"http:\/\/drr.uw.edu.pl\/en\/wp-json\/wp\/v2\/pages\/3797\/revisions"}],"wp:attachment":[{"href":"http:\/\/drr.uw.edu.pl\/en\/wp-json\/wp\/v2\/media?parent=3797"}],"curies":[{"name":"wp","href":"https:\/\/api.w.org\/{rel}","templated":true}]}}