{"id":363,"date":"2014-08-14T12:48:35","date_gmt":"2014-08-14T10:48:35","guid":{"rendered":"http:\/\/www.drr.uw.edu.pl\/wordpress\/?page_id=363"},"modified":"2019-06-14T23:00:33","modified_gmt":"2019-06-14T21:00:33","slug":"i-conference","status":"publish","type":"page","link":"http:\/\/drr.uw.edu.pl\/en\/i-conference\/","title":{"rendered":"1st Conference. For the People: Disaster Risk Reduction"},"content":{"rendered":"The first conference, \u201cFor the Society \u2013 Disaster Risk Reduction\u201d, was held in Warsaw on 26.02.2014. It covered a wide range of issues, including <em>\u201cHow to handle natural disasters\u201d <\/em>and<em> \u201cThe social aspects of natural disasters\u201d<\/em><em>. <\/em>The conference saw the students from various academies present posters concerning research and actions associated with reducing the risk of natural disasters.<strong>\u00a0<\/strong><\/p>\n<p><a href=\"http:\/\/www.drr.uw.edu.pl\/wordpress\/?page_id=153\">I Konferencja Redukcji Ryzyka Kl\u0119sk \u017bywio\u0142owych<\/a><\/p>\n<p>Journal: Prace i Studia Geograficzne, <a href=\"http:\/\/wgsr.uw.edu.pl\/wgsr\/index.php\/pl\/badania-i-nauka\/czasopisma\/prace-i-studia-geograficzne\/tomy\/t-55-red-dorota-rucinska-2014\/\">Vol. 55<\/a>, (Ed.) D. Rucinska, WGiSR UW (in Polish)<\/p>\n<p>&nbsp;","protected":false},"excerpt":{"rendered":"<p>The first conference, \u201cFor the Society \u2013 Disaster Risk Reduction\u201d, was held in Warsaw on 26.02.2014. It covered a wide range of issues, including \u201cHow to handle natural disasters\u201d and \u201cThe social aspects of natural disasters\u201d. The conference saw the students from various academies present posters concerning research and actions associated with reducing the risk [&hellip;]<\/p>\n","protected":false},"author":419,"featured_media":0,"parent":0,"menu_order":0,"comment_status":"closed","ping_status":"closed","template":"","meta":{"_links_to":"","_links_to_target":""},"acf":[],"_links":{"self":[{"href":"http:\/\/drr.uw.edu.pl\/en\/wp-json\/wp\/v2\/pages\/363"}],"collection":[{"href":"http:\/\/drr.uw.edu.pl\/en\/wp-json\/wp\/v2\/pages"}],"about":[{"href":"http:\/\/drr.uw.edu.pl\/en\/wp-json\/wp\/v2\/types\/page"}],"author":[{"embeddable":true,"href":"http:\/\/drr.uw.edu.pl\/en\/wp-json\/wp\/v2\/users\/419"}],"replies":[{"embeddable":true,"href":"http:\/\/drr.uw.edu.pl\/en\/wp-json\/wp\/v2\/comments?post=363"}],"version-history":[{"count":9,"href":"http:\/\/drr.uw.edu.pl\/en\/wp-json\/wp\/v2\/pages\/363\/revisions"}],"predecessor-version":[{"id":6849,"href":"http:\/\/drr.uw.edu.pl\/en\/wp-json\/wp\/v2\/pages\/363\/revisions\/6849"}],"wp:attachment":[{"href":"http:\/\/drr.uw.edu.pl\/en\/wp-json\/wp\/v2\/media?parent=363"}],"curies":[{"name":"wp","href":"https:\/\/api.w.org\/{rel}","templated":true}]}}