{"id":33,"date":"2014-07-04T11:16:31","date_gmt":"2014-07-04T09:16:31","guid":{"rendered":"http:\/\/www.drr.uw.edu.pl\/wordpress\/?page_id=33"},"modified":"2014-07-04T11:16:31","modified_gmt":"2014-07-04T09:16:31","slug":"partnerzy","status":"publish","type":"page","link":"http:\/\/drr.uw.edu.pl\/en\/partnerzy\/","title":{"rendered":"Partnerzy"},"content":{"rendered":"<div style=\"color: #222222\"><a href=\"http:\/\/www.shp.org.pl\/\">Stowarzyszenia Hydrolog\u00f3w Polskich<\/a><\/div>\n<div style=\"color: #222222\"><a href=\"http:\/\/www.klimat.org.pl\/\">Stowarzyszenia Klimatolog\u00f3w Polskich<\/a><\/div>\n<div style=\"color: #222222\"><a href=\"http:\/\/www.sgp.org.pl\/\">Stowarzyszenia Geomorfolog\u00f3w Polskich<\/a><\/div>\n<div style=\"color: #222222\"><a href=\"http:\/\/www.3astudio.pl\/\">3astudio<\/a><\/div>\n<div style=\"color: #222222\"><a href=\"http:\/\/www.ptg.pan.pl\/?Zarys_dziej%F3w\">Polskie Towarzystwo Geograficzne<\/a><\/div>\n<div style=\"color: #222222\"><a href=\"http:\/\/polcitclim.uw.edu.pl\/pl\/\">PolCitClim Reserach Project<\/a><\/div>\n","protected":false},"excerpt":{"rendered":"<p>Stowarzyszenia Hydrolog\u00f3w Polskich Stowarzyszenia Klimatolog\u00f3w Polskich Stowarzyszenia Geomorfolog\u00f3w Polskich 3astudio Polskie Towarzystwo Geograficzne PolCitClim Reserach Project<\/p>\n","protected":false},"author":419,"featured_media":0,"parent":0,"menu_order":0,"comment_status":"open","ping_status":"open","template":"","meta":{"_links_to":"","_links_to_target":""},"acf":[],"_links":{"self":[{"href":"http:\/\/drr.uw.edu.pl\/en\/wp-json\/wp\/v2\/pages\/33"}],"collection":[{"href":"http:\/\/drr.uw.edu.pl\/en\/wp-json\/wp\/v2\/pages"}],"about":[{"href":"http:\/\/drr.uw.edu.pl\/en\/wp-json\/wp\/v2\/types\/page"}],"author":[{"embeddable":true,"href":"http:\/\/drr.uw.edu.pl\/en\/wp-json\/wp\/v2\/users\/419"}],"replies":[{"embeddable":true,"href":"http:\/\/drr.uw.edu.pl\/en\/wp-json\/wp\/v2\/comments?post=33"}],"version-history":[{"count":0,"href":"http:\/\/drr.uw.edu.pl\/en\/wp-json\/wp\/v2\/pages\/33\/revisions"}],"wp:attachment":[{"href":"http:\/\/drr.uw.edu.pl\/en\/wp-json\/wp\/v2\/media?parent=33"}],"curies":[{"name":"wp","href":"https:\/\/api.w.org\/{rel}","templated":true}]}}