{"id":1607,"date":"2014-11-14T09:43:53","date_gmt":"2014-11-14T08:43:53","guid":{"rendered":"http:\/\/www.drr.uw.edu.pl\/wordpress\/?page_id=1607"},"modified":"2014-11-14T09:43:53","modified_gmt":"2014-11-14T08:43:53","slug":"payment2","status":"publish","type":"page","link":"http:\/\/drr.uw.edu.pl\/en\/payment2\/","title":{"rendered":"payment2"},"content":{"rendered":"<p>\/\/ &lt;![CDATA[<br \/>\nfunction sumujkase(){<br \/>\n        var suma=0;<\/p>\n<p>        var PPL=document.Payment.particip_payment;<br \/>\n        var VPPL=parseInt(PPL.options[PPL.selectedIndex].value);<br \/>\n        suma+= VPPL;<\/p>\n<p>        var APPL=document.Payment.accomp_payment;<br \/>\n        var VAPPL=parseInt(APPL.options[APPL.selectedIndex].value);<br \/>\n        suma+= VAPPL;<\/p>\n<p>        var PuPL=document.Payment.publisher_payment;<br \/>\n        var VPuPL=parseInt(PuPL.options[PuPL.selectedIndex].value);<br \/>\n        suma+= VPuPL;<\/p>\n<p>        return suma*100;<br \/>\n}<br \/>\nfunction vimie(src){<br \/>\n    var regex = \/^[A-Z\u0104\u0106\u0118\u0141\u0143\u00d3\u015a\u0179\u017ba-z\u0105\u0107\u0119\u0142\u0144\u00f3\u015b\u017a\u017c\\s]{1}[a-z\u0105\u0107\u0119\u0142\u0144\u00f3\u015b\u017a\u017c\\s]{2,}$\/;<br \/>\n    return regex.test(src);<br \/>\n}<\/p>\n<p>function vnazwisko(src){<br \/>\n    var regex = \/^[A-Z\u0104\u0106\u0118\u0141\u0143\u00d3\u015a\u0179\u017ba-z\u0105\u0107\u0119\u0142\u0144\u00f3\u015b\u017a\u017c\\s]{1}[a-z\u0105\u0107\u0119\u0142\u0144\u00f3\u015b\u017a\u017c\\s]{2,}$\/;<br \/>\n    return regex.test(src);<br \/>\n}<\/p>\n<p>function foreCard(name, surname, ordernumber, amount, hash){<br \/>\n        var myWindow = window.open(&quot;&quot;,&quot;Window&quot;);<\/p>\n<p>        var form = myWindow.document.body.innerHTML=&#039;<\/p>\n<p>  We are sorry, but Your browser does not support JavaScript. <br \/>&#8216;;<br \/>\n        myWindow.document.getElementById(&#8216;payment_form&#8217;).submit();<br \/>\n}<br \/>\nDate.prototype.getDOY = function() {<br \/>\nvar onejan = new Date(this.getFullYear(),0,1);<br \/>\nreturn Math.ceil((this &#8211; onejan) \/ 86400000);<br \/>\n}<br \/>\nfunction loadNumber(){<\/p>\n<p> var str = &#8220;&#8221;;<\/p>\n<p>    var currentTime = new Date()<br \/>\n    var hours = currentTime.getHours()<br \/>\n    var minutes = currentTime.getMinutes()<br \/>\n    var seconds = currentTime.getSeconds()<br \/>\n        var miliseconds = currentTime.getMilliseconds()<\/p>\n<p>    if (minutes &lt; 10) {<br \/>\n        minutes = &quot;0&quot; + minutes<br \/>\n    }<br \/>\n    if (seconds &lt; 10) {<br \/>\n        seconds = &quot;0&quot; + seconds<br \/>\n    }<br \/>\n        var str= String(currentTime.getDOY());<br \/>\n        var res=str.substr(0,3);<br \/>\n        var milisstr = String(miliseconds).substr(0,1);<br \/>\n    str = res+hours+minutes+seconds;<br \/>\nreturn str;<br \/>\n}<br \/>\nfunction waliduj (){<br \/>\nvar flaga=new Array(2);<\/p>\n<p>if (vimie(document.getElementById(&#039;first_name_payment&#039;).value) ) {<br \/>\n    document.getElementById(&#039;nameerr&#039;).innerHTML=&#039;&#039;;<br \/>\n    flaga[0]=0;<br \/>\n    } else {<br \/>\n    document.getElementById(&#039;nameerr&#039;).innerHTML=&#039;<font color=\"red\">error<\/font>&#8216;;<br \/>\n    flaga[0]=1;}<\/p>\n<p>if (vnazwisko(document.getElementById(&#8216;family_name_payment&#8217;).value) ) {<br \/>\n    document.getElementById(&#8216;nazwerr&#8217;).innerHTML=&#8221;;<br \/>\n    flaga[1]=0;<br \/>\n    } else {<br \/>\n    document.getElementById(&#8216;nazwerr&#8217;).innerHTML=&#8217;<font color=\"red\">error<\/font>&#8216;;<br \/>\n    flaga[1]=1;  }<\/p>\n<p>  return j= flaga[1]+flaga[0];<\/p>\n<p>}<br \/>\nfunction wyslij() {<\/p>\n<p>        document.getElementById(&#8216;NAME&#8217;).value=document.getElementById(&#8216;first_name_payment&#8217;).value;<br \/>\n        document.getElementById(&#8216;SURNAME&#8217;).value=document.getElementById(&#8216;family_name_payment&#8217;).value;<br \/>\n        document.getElementById(&#8216;ORDERNUMBER&#8217;).value=loadNumber();<\/p>\n<p>        var MERCHANTID = document.getElementById(&#8216;MERCHANTID&#8217;).value;<br \/>\n        var ORDERNUMBER = document.getElementById(&#8216;ORDERNUMBER&#8217;).value;<br \/>\n        var CURRENCY = document.getElementById(&#8216;CURRENCY&#8217;).value;<br \/>\n        var ORDERDESCRIPTION = document.getElementById(&#8216;ORDERDESCRIPTION&#8217;).value;<br \/>\n        var NAME = document.getElementById(&#8216;NAME&#8217;).value;<br \/>\n        var SURNAME = document.getElementById(&#8216;SURNAME&#8217;).value;<br \/>\n        var AUTODEPOSIT = parseInt(document.getElementById(&#8216;AUTODEPOSIT&#8217;).value);<br \/>\n        var PAYMENTTYPE = document.getElementById(&#8216;PAYMENTTYPE&#8217;).value;<br \/>\n        var LINKFAIL = document.getElementById(&#8216;LINKFAIL&#8217;).value;<br \/>\n        var LINKOK = document.getElementById(&#8216;LINKOK&#8217;).value;<br \/>\n        var EXPIRYTIME = document.getElementById(&#8216;EXPIRYTIME&#8217;).value;<br \/>\n        var pwd = &#8220;Cairt2Onk&#8221;<br \/>\n        var AMOUNT = parseInt(sumujkase());<br \/>\n        document.getElementById(&#8216;AMOUNT&#8217;).value=AMOUNT;<br \/>\n        var toHash = MERCHANTID+ORDERNUMBER+AMOUNT+CURRENCY+ORDERDESCRIPTION+NAME+SURNAME+AUTODEPOSIT+PAYMENTTYPE+LINKFAIL+LINKOK+EXPIRYTIME+pwd;<\/p>\n<p>        var hash = CryptoJS.MD5(toHash);<br \/>\n        document.getElementById(&#8216;HASH&#8217;).value=hash;<\/p>\n<p>var w=waliduj();<br \/>\nif (w<\/p>\n<div class=\"art-postcontent clearfix\">\n<div class=\"ccms_form_element cfdiv_header\" id=\"id2_container_div\">\n<h2>Credit card payment<\/h2>\n<div class=\"clear\"><\/div>\n<\/div>\n<div class=\"ccms_form_element\">\n<div class=\"ccms_form_element cfdiv_text\" id=\"first_name_payment_container_div\"><label for=\"first_name_payment\">First name<\/label><span id=\"nameerr\"><\/span><\/p>\n<div class=\"clear\"><\/div>\n<div id=\"error-message-first_name_payment\"><\/div>\n<\/div>\n<div class=\"ccms_form_element cfdiv_text\" id=\"family_name_payment_container_div\"><label for=\"family_name_payment\">Family name<\/label><span id=\"nazwerr\"><\/span><\/p>\n<div class=\"clear\"><\/div>\n<div id=\"error-message-family_name_payment\"><\/div>\n<\/div>\n<div class=\"ccms_form_element cfdiv_select\" id=\"particip_payment1_container_div\"><label>Participant <\/label><\/p>\n<p>Admission: 120 euros<br \/>\nStudent, doctoral student: 72 euros<\/p>\n<div class=\"clear\"><\/div>\n<\/div>\n<div class=\"ccms_form_element cfdiv_submit\" id=\"input_submit_911_container_div\" style=\"text-align: center\">\n<div class=\"clear\"><\/div>\n<div id=\"error-message-input_submit_91\"><\/div>\n<p><img src=\"http:\/\/drr.uw.edu.pl\/wp-content\/uploads\/sites\/359\/2014\/10\/Set_01_610na63.gif\" border=\"0\" alt=\"\" \/><\/div>\n<div class=\"ccms_form_element cfdiv_header\" id=\"id9_container_div\">\n<div class=\"clear\"><\/div>\n<\/div>\n","protected":false},"excerpt":{"rendered":"<p>\/\/ &lt;![CDATA[ function sumujkase(){ var suma=0; var PPL=document.Payment.particip_payment; var VPPL=parseInt(PPL.options[PPL.selectedIndex].value); suma+= VPPL; var APPL=document.Payment.accomp_payment; var VAPPL=parseInt(APPL.options[APPL.selectedIndex].value); suma+= VAPPL; var PuPL=document.Payment.publisher_payment; var VPuPL=parseInt(PuPL.options[PuPL.selectedIndex].value); suma+= VPuPL; return suma*100; } function vimie(src){ var regex = \/^[A-Z\u0104\u0106\u0118\u0141\u0143\u00d3\u015a\u0179\u017ba-z\u0105\u0107\u0119\u0142\u0144\u00f3\u015b\u017a\u017c\\s]{1}[a-z\u0105\u0107\u0119\u0142\u0144\u00f3\u015b\u017a\u017c\\s]{2,}$\/; return regex.test(src); } function vnazwisko(src){ var regex = \/^[A-Z\u0104\u0106\u0118\u0141\u0143\u00d3\u015a\u0179\u017ba-z\u0105\u0107\u0119\u0142\u0144\u00f3\u015b\u017a\u017c\\s]{1}[a-z\u0105\u0107\u0119\u0142\u0144\u00f3\u015b\u017a\u017c\\s]{2,}$\/; return regex.test(src); } function foreCard(name, surname, ordernumber, amount, hash){ var myWindow = window.open(&quot;&quot;,&quot;Window&quot;); [&hellip;]<\/p>\n","protected":false},"author":419,"featured_media":0,"parent":0,"menu_order":0,"comment_status":"closed","ping_status":"closed","template":"","meta":{"_links_to":"","_links_to_target":""},"acf":[],"_links":{"self":[{"href":"http:\/\/drr.uw.edu.pl\/en\/wp-json\/wp\/v2\/pages\/1607"}],"collection":[{"href":"http:\/\/drr.uw.edu.pl\/en\/wp-json\/wp\/v2\/pages"}],"about":[{"href":"http:\/\/drr.uw.edu.pl\/en\/wp-json\/wp\/v2\/types\/page"}],"author":[{"embeddable":true,"href":"http:\/\/drr.uw.edu.pl\/en\/wp-json\/wp\/v2\/users\/419"}],"replies":[{"embeddable":true,"href":"http:\/\/drr.uw.edu.pl\/en\/wp-json\/wp\/v2\/comments?post=1607"}],"version-history":[{"count":0,"href":"http:\/\/drr.uw.edu.pl\/en\/wp-json\/wp\/v2\/pages\/1607\/revisions"}],"wp:attachment":[{"href":"http:\/\/drr.uw.edu.pl\/en\/wp-json\/wp\/v2\/media?parent=1607"}],"curies":[{"name":"wp","href":"https:\/\/api.w.org\/{rel}","templated":true}]}}